{"id":1106,"date":"2023-12-05T16:49:19","date_gmt":"2023-12-05T15:49:19","guid":{"rendered":"https:\/\/3sforme.com\/?page_id=1106"},"modified":"2023-12-05T16:53:53","modified_gmt":"2023-12-05T15:53:53","slug":"conferences2024","status":"publish","type":"page","link":"https:\/\/3sforme.com\/index.php\/conferences2024\/","title":{"rendered":"Liste des conf\u00e9rences 2024"},"content":{"rendered":"<div class=\"vce-row-container\"><div class=\"vce-row vce-row--has-col-background vce-row--col-gap-30 vce-row-equal-height vce-row-content--top\" data-vce-full-width=\"true\" data-vce-stretch-content=\"true\" id=\"el-88b1c49e\" data-vce-do-apply=\"all el-88b1c49e\"><div class=\"vce-content-background-container\"><\/div><div class=\"vce-row-content\" data-vce-element-content=\"true\"><div class=\"vce-col vce-element--has-background vce-col--md-auto vce-col--xs-1 vce-col--xs-last vce-col--xs-first vce-col--sm-last vce-col--sm-first vce-col--md-last vce-col--lg-last vce-col--xl-last vce-col--md-first vce-col--lg-first vce-col--xl-first\" id=\"el-013a582d\"><div class=\"vce-col-inner\" data-vce-do-apply=\"border margin background  el-013a582d\"><div class=\"vce-content-background-container\"><div class=\"vce-asset-background-zoom-container vce-visible-all-only vce-asset-background-zoom--position-center-center\"><div class=\"vce-asset-background-zoom-container vce-visible-all-only vce-asset-background-zoom--position-center-center\"><div class=\"vce-asset-background-zoom--scale-helper\" style=\"transform:scale(1.33)\"><div class=\"vce-asset-background-zoom\" data-vce-assets-zoom=\"out\" data-vce-assets-zoom-scale=\"0.7518796992481203\" data-vce-assets-zoom-duration=\"30\">\n              <div class=\"vce-asset-background-zoom-item vcv-lozad\" data-background-image=\"https:\/\/3sforme.com\/wp-content\/uploads\/2023\/12\/Conferences.jpg\"><\/div>\n              <noscript>\n                <div class=\"vce-asset-background-zoom-item\" style=\"background-image: url(https:\/\/3sforme.com\/wp-content\/uploads\/2023\/12\/Conferences.jpg)\"><\/div>\n              <\/noscript>\n            <\/div><\/div><\/div><\/div><\/div><div class=\"vce-col-content\" data-vce-element-content=\"true\" data-vce-do-apply=\"padding el-013a582d\"><div class=\"vce-row-container\" data-vce-boxed-width=\"true\"><div class=\"vce-row vce-row--col-gap-30 vce-row-equal-height vce-row-content--top\" id=\"el-2bd14a48\" data-vce-do-apply=\"all el-2bd14a48\"><div class=\"vce-content-background-container\"><\/div><div class=\"vce-row-content\" data-vce-element-content=\"true\"><div class=\"vce-col vce-col--md-25p vce-col--xs-1 vce-col--xs-last vce-col--xs-first vce-col--sm-last vce-col--sm-first vce-col--md-first vce-col--lg-first vce-col--xl-first\" id=\"el-c57447a0\"><div class=\"vce-col-inner\" data-vce-do-apply=\"border margin background  el-c57447a0\"><div class=\"vce-col-content\" data-vce-element-content=\"true\" data-vce-do-apply=\"padding el-c57447a0\"><div><\/div><\/div><\/div><\/div><div class=\"vce-col vce-col--md-50p vce-col--xs-1 vce-col--xs-last vce-col--xs-first vce-col--sm-last vce-col--sm-first\" id=\"el-16733fad\"><div class=\"vce-col-inner\" data-vce-do-apply=\"border margin background  el-16733fad\"><div class=\"vce-col-content\" data-vce-element-content=\"true\" data-vce-do-apply=\"padding el-16733fad\"><div class=\"vce-text-block\"><div class=\"vce-text-block-wrapper vce\" id=\"el-cff6785d\" data-vce-do-apply=\"all el-cff6785d\"><p style=\"text-align: center;\"><span style=\"font-family: Croissant One; font-size: 36pt; color: #ffffff; font-style: normal;\">Listes des conf\u00e9rences 2024<\/span><\/p><\/div><\/div><\/div><\/div><\/div><div class=\"vce-col vce-col--md-25p vce-col--xs-1 vce-col--xs-last vce-col--xs-first vce-col--sm-last vce-col--sm-first vce-col--md-last vce-col--lg-last vce-col--xl-last\" id=\"el-6a5bd877\"><div class=\"vce-col-inner\" data-vce-do-apply=\"border margin background  el-6a5bd877\"><div class=\"vce-col-content\" data-vce-element-content=\"true\" data-vce-do-apply=\"padding el-6a5bd877\"><div><\/div><\/div><\/div><\/div><\/div><\/div><\/div><\/div><\/div><\/div><\/div><\/div><\/div><div class=\"vce-row-container\" data-vce-boxed-width=\"true\"><div class=\"vce-row vce-row--has-col-background vce-row--col-gap-30 vce-row-equal-height vce-row-content--top\" id=\"el-e363ccb2\" data-vce-do-apply=\"all el-e363ccb2\"><div class=\"vce-row-content\" data-vce-element-content=\"true\"><div class=\"vce-col vce-element--has-background vce-col--md-auto vce-col--xs-1 vce-col--xs-last vce-col--xs-first vce-col--sm-last vce-col--sm-first vce-col--md-last vce-col--lg-last vce-col--xl-last vce-col--md-first vce-col--lg-first vce-col--xl-first\" id=\"el-7072a30b\"><div class=\"vce-col-inner\" data-vce-do-apply=\"border margin background  el-7072a30b\"><div class=\"vce-content-background-container\"><\/div><div class=\"vce-col-content\" data-vce-element-content=\"true\" data-vce-do-apply=\"padding el-7072a30b\"><div class=\"vce-text-block\"><div class=\"vce-text-block-wrapper vce\" id=\"el-0cae3cf9\" data-vce-do-apply=\"all el-0cae3cf9\"><p style=\"text-align: justify;\">1\ufe0f\u20e3 L\u2019optimisation et le d\u00e9veloppement de la forme et du bien-\u00eatre des femmes &nbsp;<\/p>\n<p style=\"text-align: justify;\">2\ufe0f\u20e3 Manager un champion ou une \u00e9quipe : il faut dire la v\u00e9rit\u00e9, m\u00eame si elle est difficile \u00e0 entendre<\/p>\n<p style=\"text-align: justify;\">3\ufe0f\u20e3 Surprot\u00e9ger un athl\u00e8te ou votre \u00e9quipe ne leur rend pas service, \u00e7a ne fait que rendre le retour \u00e0 la r\u00e9alit\u00e9 plus violent en cas d\u2019\u00e9chec.&nbsp;&nbsp;<\/p>\n<p style=\"text-align: justify;\">4\ufe0f\u20e3 Un manager peut \u00eatre dur, mais \u00e0 une condition s\u2019il est convaincu que \u201cle caract\u00e8re se forge dans la difficult\u00e9\u201d la motivation \u00e0 travailler dur \u00e0 l\u2019entra\u00eenement.<\/p>\n<p style=\"text-align: justify;\">5\ufe0f\u20e3 Avoir un management dur est un choix. Mais il n\u2019a du sens que si les personnes que vous accompagnez y sont r\u00e9ceptives et que vous le faites pour leur permettre d\u2019exceller.&nbsp;<\/p>\n<p style=\"text-align: justify;\">6\ufe0f\u20e3 Un manager responsabilise son \u00e9quipe ou un sport individuel<\/p>\n<p style=\"text-align: justify;\">7\ufe0f\u20e3 La condition physique des femmes enceintes afin de revenir au plus haut niveau&nbsp;<\/p>\n<p style=\"text-align: justify;\">8\ufe0f\u20e3 Comment \u00eatre sportif de haut niveau et avoir une bonne condition physique pour les \u00e9tudiants en cit\u00e9 universitaires&nbsp;<\/p>\n<p style=\"text-align: justify;\">9\ufe0f\u20e3 Le d\u00e9veloppement de l\u2019endurance dans les lyc\u00e9es et coll\u00e8ges avec des outils d\u2019\u00e9valuations adapt\u00e9s sur un terrain avec statistiques et analyses de la conduite physique&nbsp;<\/p>\n<p style=\"text-align: justify;\">1\ufe0f\u20e30\ufe0f\u20e3 Le d\u00e9veloppement et l\u2019\u00e9volution des femmes et hommes \u00e0 la retraite pour le bien vieillir&nbsp;&nbsp;<\/p>\n<p style=\"text-align: justify;\">1\ufe0f\u20e31\ufe0f\u20e3 La formation (relation \u00e9tudiante vers une orientation dans le sport)<\/p>\n<p style=\"text-align: justify;\">1\ufe0f\u20e32\ufe0f\u20e3 Le coaching des professeurs au lyc\u00e9e afin de motiver les \u00e9l\u00e8ves en difficult\u00e9s scolaires&nbsp;<\/p>\n<p style=\"text-align: justify;\">1\ufe0f\u20e33\ufe0f\u20e3 La coach et athl\u00e8te pour pouvoir \u00eatre le num\u00e9ro un&nbsp;<\/p>\n<p style=\"text-align: justify;\">1\ufe0f\u20e34\ufe0f\u20e3 Des acad\u00e9mies priv\u00e9es dans tous les sports avec les pays du monde &nbsp;<\/p>\n<p style=\"text-align: justify;\">1\ufe0f\u20e35\ufe0f\u20e3 L\u2019aspect juridique loi du 1 juillet 1901 et la libert\u00e9 vers une \u00e9volution des associations sportif en 2030&nbsp;<\/p>\n<p style=\"text-align: justify;\">1\ufe0f\u20e36\ufe0f\u20e3 Les dipl\u00f4mes d\u2019\u00e9tats en \u00e9volution vers des r\u00e9mun\u00e9rations du m\u00eame niveau entre sports professionnels et sports amateurs &nbsp;<\/p>\n<p style=\"text-align: justify;\">1\ufe0f\u20e37\ufe0f\u20e3 Relations des adolescents pour un monde de demain&nbsp;&nbsp;<\/p>\n<p style=\"text-align: justify;\">1\ufe0f\u20e38\ufe0f\u20e3 Le coaching des cadres en entreprises afin de r\u00e9ussir leurs objectifs sans stress&nbsp;<\/p>\n<p style=\"text-align: justify;\">1\ufe0f\u20e39\ufe0f\u20e3 Distinctions entre l\u2019\u00e9thique et la d\u00e9ontologie&nbsp;<\/p>\n<p style=\"text-align: justify;\">2\ufe0f\u20e30\ufe0f\u20e3 Le profil d\u2019un pr\u00e9sident d\u2019une f\u00e9d\u00e9ration, d\u2019une ligue, d\u2019un club en sport en France <img decoding=\"async\" class=\"emoji\" role=\"img\" draggable=\"false\" src=\"https:\/\/s.w.org\/images\/core\/emoji\/14.0.0\/svg\/1f1eb-1f1f7.svg\" alt=\"\ud83c\uddeb\ud83c\uddf7\"><\/p><\/div><\/div><\/div><\/div><\/div><\/div><\/div><\/div><div class=\"vce-row-container\" data-vce-boxed-width=\"true\"><div class=\"vce-row vce-row--col-gap-30 vce-row-equal-height vce-row-content--top\" id=\"el-94a1573c\" data-vce-do-apply=\"all el-94a1573c\"><div class=\"vce-row-content\" data-vce-element-content=\"true\"><div class=\"vce-col vce-col--md-auto vce-col--xs-1 vce-col--xs-last vce-col--xs-first vce-col--sm-last vce-col--sm-first vce-col--md-last vce-col--lg-last vce-col--xl-last vce-col--md-first vce-col--lg-first vce-col--xl-first\" id=\"el-3bc47e6b\"><div class=\"vce-col-inner\" data-vce-do-apply=\"border margin background  el-3bc47e6b\"><div class=\"vce-content-background-container\"><\/div><div class=\"vce-col-content\" data-vce-element-content=\"true\" data-vce-do-apply=\"padding el-3bc47e6b\"><div class=\"vce-separated-button-container vce\" id=\"el-612603d5\" data-vce-do-apply=\"margin el-612603d5\" style=\"--alignment: left; --background: #1d64c5; --color: #fff; --hoverBackgroundColor: #1c5fbb; --hoverTextColor: #fff;\"><a class=\"vce-button vce-separated-button vce-separated-button--style--border-round\" href=\"https:\/\/3sforme.com\/\" title=\"\" data-vce-do-apply=\"border background  el-612603d5\"><span class=\"vce-separated-button-icon\" data-vce-do-apply=\"padding el-612603d5\"><span class=\"vce-separated-button-icon-wrapper fas fa-angle-left\"><\/span><\/span><span class=\"vce-separated-button-text\" data-vce-do-apply=\"padding el-612603d5\">Retour \u00e0 l'accueil<\/span><\/a><\/div><\/div><\/div><\/div><\/div><\/div><\/div>","protected":false},"excerpt":{"rendered":"<p>Listes des conf\u00e9rences 20241\ufe0f\u20e3 L\u2019optimisation et le d\u00e9veloppement de la forme et du bien-\u00eatre des femmes &nbsp; 2\ufe0f\u20e3 Manager un champion ou une \u00e9quipe : il faut dire la v\u00e9rit\u00e9, m\u00eame si elle est difficile \u00e0 entendre 3\ufe0f\u20e3 Surprot\u00e9ger un athl\u00e8te ou votre \u00e9quipe ne leur rend pas service, \u00e7a ne fait que rendre le [&hellip;]<\/p>\n","protected":false},"author":1,"featured_media":0,"parent":0,"menu_order":0,"comment_status":"closed","ping_status":"closed","template":"","meta":{"_monsterinsights_skip_tracking":false,"_monsterinsights_sitenote_active":false,"_monsterinsights_sitenote_note":"","_monsterinsights_sitenote_category":0,"_uf_show_specific_survey":0,"_uf_disable_surveys":false,"footnotes":""},"class_list":["post-1106","page","type-page","status-publish","hentry"],"_links":{"self":[{"href":"https:\/\/3sforme.com\/index.php\/wp-json\/wp\/v2\/pages\/1106","targetHints":{"allow":["GET"]}}],"collection":[{"href":"https:\/\/3sforme.com\/index.php\/wp-json\/wp\/v2\/pages"}],"about":[{"href":"https:\/\/3sforme.com\/index.php\/wp-json\/wp\/v2\/types\/page"}],"author":[{"embeddable":true,"href":"https:\/\/3sforme.com\/index.php\/wp-json\/wp\/v2\/users\/1"}],"replies":[{"embeddable":true,"href":"https:\/\/3sforme.com\/index.php\/wp-json\/wp\/v2\/comments?post=1106"}],"version-history":[{"count":5,"href":"https:\/\/3sforme.com\/index.php\/wp-json\/wp\/v2\/pages\/1106\/revisions"}],"predecessor-version":[{"id":1111,"href":"https:\/\/3sforme.com\/index.php\/wp-json\/wp\/v2\/pages\/1106\/revisions\/1111"}],"wp:attachment":[{"href":"https:\/\/3sforme.com\/index.php\/wp-json\/wp\/v2\/media?parent=1106"}],"curies":[{"name":"wp","href":"https:\/\/api.w.org\/{rel}","templated":true}]}}