{"id":275,"date":"2023-05-13T11:53:22","date_gmt":"2023-05-13T09:53:22","guid":{"rendered":"https:\/\/3sforme.com\/?page_id=275"},"modified":"2023-07-05T15:04:22","modified_gmt":"2023-07-05T13:04:22","slug":"a_propos","status":"publish","type":"page","link":"https:\/\/3sforme.com\/index.php\/a_propos\/","title":{"rendered":""},"content":{"rendered":"<div class=\"vce-row-container\"><div class=\"vce-row vce-row--has-col-background vce-row--col-gap-0 vce-row-no-paddings vce-row-equal-height vce-row-content--top\" data-vce-full-width=\"true\" data-vce-stretch-content=\"true\" id=\"el-d09f25a5\" data-vce-do-apply=\"all el-d09f25a5\"><div class=\"vce-content-background-container\"><\/div><div class=\"vce-row-content\" data-vce-element-content=\"true\"><div class=\"vce-col vce-element--has-background vce-col--md-auto vce-col--xs-1 vce-col--xs-last vce-col--xs-first vce-col--sm-last vce-col--sm-first vce-col--md-first vce-col--lg-first vce-col--xl-first\" id=\"el-60b431b0\"><div class=\"vce-col-inner\" data-vce-do-apply=\"border margin background  el-60b431b0\"><div class=\"vce-content-background-container\"><\/div><div class=\"vce-col-content\" data-vce-element-content=\"true\" data-vce-do-apply=\"padding el-60b431b0\"><div class=\"vce-single-image-container vce-single-image--align-center\"><div class=\"vce vce-single-image-wrapper\" id=\"el-bf91111e\" data-vce-do-apply=\"all el-bf91111e\" data-vce-animate=\"vce-o-animate--scaleInUp\"><figure><div class=\"vce-single-image-figure-inner\" style=\"width: 100px;\"><div class=\"vce-single-image-inner vce-single-image--absolute\" style=\"width: 100%; padding-bottom: 100%;\"><img loading=\"lazy\" decoding=\"async\" class=\"vce-single-image\"  width=\"100\" height=\"100\" srcset=\"https:\/\/3sforme.com\/wp-content\/uploads\/2023\/05\/running-icon-1664x2048-hbdzz17l-1-320x320.png 320w, https:\/\/3sforme.com\/wp-content\/uploads\/2023\/05\/running-icon-1664x2048-hbdzz17l-1-480x480.png 480w, https:\/\/3sforme.com\/wp-content\/uploads\/2023\/05\/running-icon-1664x2048-hbdzz17l-1-800x800.png 800w, https:\/\/3sforme.com\/wp-content\/uploads\/2023\/07\/running-icon-1664x2048-hbdzz17l-1-100x100.png 100w\" src=\"https:\/\/3sforme.com\/wp-content\/uploads\/2023\/07\/running-icon-1664x2048-hbdzz17l-1-100x100.png\" data-img-src=\"https:\/\/3sforme.com\/wp-content\/uploads\/2023\/05\/running-icon-1664x2048-hbdzz17l-1.png\" data-attachment-id=\"344\"  alt=\"Sport\" title=\"Sport\" \/><\/div><\/div><figcaption hidden=\"\"><\/figcaption><\/figure><\/div><\/div><div class=\"vce-text-block\"><div class=\"vce-text-block-wrapper vce\" id=\"el-0cc447b6\" data-vce-do-apply=\"all el-0cc447b6\"><p style=\"text-align: center;\">SPORT<\/p><\/div><\/div><\/div><\/div><\/div><div class=\"vce-col vce-element--has-background vce-col--md-auto vce-col--xs-1 vce-col--xs-last vce-col--xs-first vce-col--sm-last vce-col--sm-first\" id=\"el-da93cd2e\"><div class=\"vce-col-inner\" data-vce-do-apply=\"border margin background  el-da93cd2e\"><div class=\"vce-content-background-container\"><\/div><div class=\"vce-col-content\" data-vce-element-content=\"true\" data-vce-do-apply=\"padding el-da93cd2e\"><div class=\"vce-single-image-container vce-single-image--align-center\"><div class=\"vce vce-single-image-wrapper\" id=\"el-5232d031\" data-vce-do-apply=\"all el-5232d031\" data-vce-animate=\"vce-o-animate--scaleInUp\"><figure><div class=\"vce-single-image-figure-inner\" style=\"width: 100px;\"><div class=\"vce-single-image-inner vce-single-image--absolute\" style=\"width: 100%; padding-bottom: 100%;\"><img loading=\"lazy\" decoding=\"async\" class=\"vce-single-image\"  width=\"100\" height=\"100\" srcset=\"https:\/\/3sforme.com\/wp-content\/uploads\/2023\/05\/heartbeat-icon-2048x1793-b2pwyr8u-1-320x320.png 320w, https:\/\/3sforme.com\/wp-content\/uploads\/2023\/05\/heartbeat-icon-2048x1793-b2pwyr8u-1-480x480.png 480w, https:\/\/3sforme.com\/wp-content\/uploads\/2023\/05\/heartbeat-icon-2048x1793-b2pwyr8u-1-800x800.png 800w, https:\/\/3sforme.com\/wp-content\/uploads\/2023\/07\/heartbeat-icon-2048x1793-b2pwyr8u-1-100x100.png 100w\" src=\"https:\/\/3sforme.com\/wp-content\/uploads\/2023\/07\/heartbeat-icon-2048x1793-b2pwyr8u-1-100x100.png\" data-img-src=\"https:\/\/3sforme.com\/wp-content\/uploads\/2023\/05\/heartbeat-icon-2048x1793-b2pwyr8u-1.png\" data-attachment-id=\"346\"  alt=\"Sant\u00e9\" title=\"Sant\u00e9\" \/><\/div><\/div><figcaption hidden=\"\"><\/figcaption><\/figure><\/div><\/div><div class=\"vce-text-block\"><div class=\"vce-text-block-wrapper vce\" id=\"el-f727fe93\" data-vce-do-apply=\"all el-f727fe93\"><p style=\"text-align: center;\"><span style=\"font-family: Croissant One;\">SANT\u00c9<\/span><\/p><\/div><\/div><\/div><\/div><\/div><div class=\"vce-col vce-element--has-background vce-col--md-auto vce-col--xs-1 vce-col--xs-last vce-col--xs-first vce-col--sm-last vce-col--sm-first vce-col--md-last vce-col--lg-last vce-col--xl-last\" id=\"el-06ba49d6\"><div class=\"vce-col-inner\" data-vce-do-apply=\"border margin background  el-06ba49d6\"><div class=\"vce-content-background-container\"><\/div><div class=\"vce-col-content\" data-vce-element-content=\"true\" data-vce-do-apply=\"padding el-06ba49d6\"><div class=\"vce-single-image-container vce-single-image--align-center\"><div class=\"vce vce-single-image-wrapper\" id=\"el-aa433002\" data-vce-do-apply=\"all el-aa433002\" data-vce-animate=\"vce-o-animate--scaleInUp\"><figure><div class=\"vce-single-image-figure-inner\" style=\"width: 100px;\"><div class=\"vce-single-image-inner vce-single-image--absolute\" style=\"width: 100%; padding-bottom: 100%;\"><img loading=\"lazy\" decoding=\"async\" class=\"vce-single-image\"  width=\"100\" height=\"100\" srcset=\"https:\/\/3sforme.com\/wp-content\/uploads\/2023\/05\/meditation-icon-2048x1821-jnb0944k-1-320x320.png 320w, https:\/\/3sforme.com\/wp-content\/uploads\/2023\/05\/meditation-icon-2048x1821-jnb0944k-1-480x480.png 480w, https:\/\/3sforme.com\/wp-content\/uploads\/2023\/05\/meditation-icon-2048x1821-jnb0944k-1-800x800.png 800w, https:\/\/3sforme.com\/wp-content\/uploads\/2023\/07\/meditation-icon-2048x1821-jnb0944k-1-100x100.png 100w\" src=\"https:\/\/3sforme.com\/wp-content\/uploads\/2023\/07\/meditation-icon-2048x1821-jnb0944k-1-100x100.png\" data-img-src=\"https:\/\/3sforme.com\/wp-content\/uploads\/2023\/05\/meditation-icon-2048x1821-jnb0944k-1.png\" data-attachment-id=\"347\"  alt=\"S\u00e9r\u00e9nit\u00e9\" title=\"S\u00e9r\u00e9nit\u00e9\" \/><\/div><\/div><figcaption hidden=\"\"><\/figcaption><\/figure><\/div><\/div><div class=\"vce-text-block\"><div class=\"vce-text-block-wrapper vce\" id=\"el-ec701c07\" data-vce-do-apply=\"all el-ec701c07\"><p style=\"text-align: center;\"><span style=\"font-family: Croissant One;\">S\u00c9R\u00c9NIT\u00c9<\/span><\/p><\/div><\/div><\/div><\/div><\/div><\/div><\/div><\/div><div class=\"vce-row-container\"><div class=\"vce-row vce-element--has-background vce-row--col-gap-0 vce-row-equal-height vce-row-content--top\" data-vce-full-width=\"true\" data-vce-stretch-content=\"true\" id=\"el-e977377d\" data-vce-do-apply=\"all el-e977377d\" data-vce-animate=\"vce-o-animate--zoomIn\"><div class=\"vce-content-background-container\"><div class=\"vce-asset-background-simple-container vce-visible-all-only vce-asset-background-simple--style-cover vce-asset-background-simple--position-center-center\"><div class=\"vce-asset-background-simple\">\n              <div class=\"vce-asset-background-simple-item vcv-lozad\" data-background-image=\"https:\/\/3sforme.com\/wp-content\/uploads\/2023\/05\/slide-home-concept.jpg\"><\/div>\n              <noscript>\n                <div class=\"vce-asset-background-simple-item\" style=\"background-image: url(https:\/\/3sforme.com\/wp-content\/uploads\/2023\/05\/slide-home-concept.jpg)\"><\/div>\n              <\/noscript>\n            <\/div><\/div><\/div><div class=\"vce-row-content\" data-vce-element-content=\"true\"><div class=\"vce-col vce-col--md-60p vce-col--xs-1 vce-col--xs-last vce-col--xs-first vce-col--sm-last vce-col--sm-first vce-col--md-first vce-col--lg-first vce-col--xl-first\" id=\"el-2b6ba516\"><div class=\"vce-col-inner\" data-vce-do-apply=\"border margin background  el-2b6ba516\"><div class=\"vce-col-content\" data-vce-element-content=\"true\" data-vce-do-apply=\"padding el-2b6ba516\"><div class=\"vce-text-block\"><div class=\"vce-text-block-wrapper vce\" id=\"el-75e8ea66\" data-vce-do-apply=\"all el-75e8ea66\"><p style=\"text-align: center;\"><span style=\"font-family: Croissant One; font-size: 24pt;\">Notre concept<\/span><\/p><p style=\"text-align: justify;\">D\u00e9couvrez une m\u00e9thode unique pour optimiser votre capital sant\u00e9 et atteindre vos objectifs de forme en un rien de temps ! Gr\u00e2ce au programme <strong>3S forme<\/strong>, vous pourrez enfin <strong>\u00e9quilibrer<\/strong> votre alimentation, <strong>booster<\/strong> votre tonus musculaire et am\u00e9liorer vos gestes au quotidien. Con\u00e7u par <strong>Marie-Christine Cazier<\/strong>, une ancienne sportive de haut niveau, et soutenu par une \u00e9quipe de coachs sportifs APA, notre programme repose sur une approche globale de la sant\u00e9 mentale et physique.<\/p><p>Profitez d'un <strong>accompagnement sur mesure<\/strong> d\u00e8s le premier bilan, et choisissez parmi une gamme d'options flexibles allant de 1 \u00e0 4 s\u00e9ances par semaine. Nos s\u00e9ances d'une heure vous proposent des activit\u00e9s vari\u00e9es, allant de la <strong>perte de poids<\/strong> \u00e0 la <strong>r\u00e9\u00e9ducation<\/strong>, en passant par le <strong>modelage<\/strong> et la pr\u00e9paration pour la <strong>comp\u00e9tition<\/strong>. Gr\u00e2ce \u00e0 notre r\u00e9athl\u00e9tisation \/ r\u00e9\u00e9ducation totale, vous pourrez enfin atteindre vos objectifs de sant\u00e9 et de bien-\u00eatre en toute s\u00e9r\u00e9nit\u00e9.<\/p><\/div><\/div><\/div><\/div><\/div><div class=\"vce-col vce-col--md-40p vce-col--xs-1 vce-col--xs-last vce-col--xs-first vce-col--sm-last vce-col--sm-first vce-col--md-last vce-col--lg-last vce-col--xl-last\" id=\"el-5091c50b\"><div class=\"vce-col-inner\" data-vce-do-apply=\"border margin background  el-5091c50b\"><div class=\"vce-col-content\" data-vce-element-content=\"true\" data-vce-do-apply=\"padding el-5091c50b\"><div><\/div><\/div><\/div><\/div><div class=\"vce-col vce-col--md-auto vce-col--xs-1 vce-col--xs-last vce-col--xs-first vce-col--sm-last vce-col--sm-first vce-col--md-first vce-col--lg-first vce-col--xl-first\" id=\"el-389040ea\"><div class=\"vce-col-inner\" data-vce-do-apply=\"border margin background  el-389040ea\"><div class=\"vce-col-content\" data-vce-element-content=\"true\" data-vce-do-apply=\"padding el-389040ea\"><div><\/div><\/div><\/div><\/div><div class=\"vce-col vce-col--md-auto vce-col--xs-1 vce-col--xs-last vce-col--xs-first vce-col--sm-last vce-col--sm-first\" id=\"el-3072cd25\"><div class=\"vce-col-inner\" data-vce-do-apply=\"border margin background  el-3072cd25\"><div class=\"vce-col-content\" data-vce-element-content=\"true\" data-vce-do-apply=\"padding el-3072cd25\"><div><\/div><\/div><\/div><\/div><div class=\"vce-col vce-col--md-auto vce-col--xs-1 vce-col--xs-last vce-col--xs-first vce-col--sm-last vce-col--sm-first vce-col--md-last vce-col--lg-last vce-col--xl-last\" id=\"el-08714cbf\"><div class=\"vce-col-inner\" data-vce-do-apply=\"border margin background  el-08714cbf\"><div class=\"vce-col-content\" data-vce-element-content=\"true\" data-vce-do-apply=\"padding el-08714cbf\"><div><\/div><\/div><\/div><\/div><\/div><\/div><\/div><div class=\"vce-row-container\"><div class=\"vce-row vce-element--has-background vce-row--col-gap-0 vce-row-equal-height vce-row-content--middle\" data-vce-full-width=\"true\" data-vce-stretch-content=\"true\" id=\"el-e9f01fc6\" data-vce-do-apply=\"all el-e9f01fc6\" data-vce-animate=\"vce-o-animate--zoomIn\"><div class=\"vce-content-background-container\"><div class=\"vce-asset-background-simple-container vce-visible-all-only vce-asset-background-simple--style-cover vce-asset-background-simple--position-center-center\"><div class=\"vce-asset-background-simple\">\n              <div class=\"vce-asset-background-simple-item vcv-lozad\" data-background-image=\"https:\/\/3sforme.com\/wp-content\/uploads\/2023\/05\/9713b27f-4ed5-4acc-a993-5ea1439c09e3.jpg\"><\/div>\n              <noscript>\n                <div class=\"vce-asset-background-simple-item\" style=\"background-image: url(https:\/\/3sforme.com\/wp-content\/uploads\/2023\/05\/9713b27f-4ed5-4acc-a993-5ea1439c09e3.jpg)\"><\/div>\n              <\/noscript>\n            <\/div><\/div><\/div><div class=\"vce-row-content\" data-vce-element-content=\"true\"><div class=\"vce-col vce-col--md-40p vce-col--xs-1 vce-col--xs-last vce-col--xs-first vce-col--sm-last vce-col--sm-first vce-col--md-first vce-col--lg-first vce-col--xl-first\" id=\"el-43e0ce47\"><div class=\"vce-col-inner\" data-vce-do-apply=\"border margin background  el-43e0ce47\"><div class=\"vce-col-content\" data-vce-element-content=\"true\" data-vce-do-apply=\"padding el-43e0ce47\"><div class=\"vce-single-image-container vce-single-image--align-center\"><div class=\"vce vce-single-image-wrapper\" id=\"el-d534cd8a\" data-vce-do-apply=\"all el-d534cd8a\"><figure><div class=\"vce-single-image-figure-inner\" style=\"width: 683px;\"><div class=\"vce-single-image-inner vce-single-image--absolute vce-single-image--border-round\" style=\"width: 100%; padding-bottom: 100%;\"><img loading=\"lazy\" decoding=\"async\" class=\"vce-single-image\"  width=\"683\" height=\"683\" srcset=\"https:\/\/3sforme.com\/wp-content\/uploads\/2023\/05\/Marie-Christine-Cazier-90-320x213.jpg 320w, https:\/\/3sforme.com\/wp-content\/uploads\/2023\/05\/Marie-Christine-Cazier-90-480x320.jpg 480w, https:\/\/3sforme.com\/wp-content\/uploads\/2023\/05\/Marie-Christine-Cazier-90-800x534.jpg 800w, https:\/\/3sforme.com\/wp-content\/uploads\/2023\/07\/Marie-Christine-Cazier-90-683x683.jpg 683w\" src=\"https:\/\/3sforme.com\/wp-content\/uploads\/2023\/07\/Marie-Christine-Cazier-90-683x683.jpg\" data-img-src=\"https:\/\/3sforme.com\/wp-content\/uploads\/2023\/05\/Marie-Christine-Cazier-90.jpg\" data-attachment-id=\"287\"  alt=\"Marie-Christine Cazier\" title=\"Marie-Christine Cazier\" \/><\/div><\/div><figcaption hidden=\"\"><\/figcaption><\/figure><\/div><\/div><\/div><\/div><\/div><div class=\"vce-col vce-col--md-60p vce-col--xs-1 vce-col--xs-last vce-col--xs-first vce-col--sm-last vce-col--sm-first vce-col--md-last vce-col--lg-last vce-col--xl-last\" id=\"el-38a502cd\"><div class=\"vce-col-inner\" data-vce-do-apply=\"border margin background  el-38a502cd\"><div class=\"vce-col-content\" data-vce-element-content=\"true\" data-vce-do-apply=\"padding el-38a502cd\"><div class=\"vce-text-block\"><div class=\"vce-text-block-wrapper vce\" id=\"el-376f0e1f\" data-vce-do-apply=\"all el-376f0e1f\"><p style=\"text-align: center;\"><span style=\"font-family: Croissant One; font-size: 24pt;\">Marie-Christine Cazier<\/span><\/p><p style=\"text-align : justify;\">Ancienne athl\u00e8te de haut niveau, elle a cr\u00e9\u00e9 en 2011 le concept <strong>3S forme<\/strong> qui met en avant l'approche du coaching APA (activit\u00e9 physique adapt\u00e9e) ax\u00e9e sur le <strong>sport<\/strong>, la <strong>sant\u00e9<\/strong> et la <strong>s\u00e9r\u00e9nit\u00e9<\/strong>.<br>Elle a un riche parcours en tant qu'<strong>athl\u00e8te<\/strong>, avec notamment une m\u00e9daille d'argent aux Jeux Mondiaux en salle et 27 s\u00e9lections en \u00c9quipe de France. Apr\u00e8s sa carri\u00e8re sportive, elle est devenue <strong>entra\u00eeneur<\/strong> de jeunes talents pour le haut niveau, directrice technique de diff\u00e9rents clubs en Essonne, pr\u00e9sidente de clubs, et a \u00e9galement mis en place des activit\u00e9s physiques adapt\u00e9es au m\u00e9tier de sapeur-pompier.<br>Avec 3S Forme, Marie-Christine Cazier offre des services pour am\u00e9liorer la sant\u00e9 physique et psychique de l'individu gr\u00e2ce \u00e0 l'activit\u00e9 physique et sportive.<\/p><\/div><\/div><\/div><\/div><\/div><\/div><\/div><\/div><div class=\"vce-row-container\"><div class=\"vce-row vce-element--has-background vce-row--col-gap-0 vce-row-equal-height vce-row-content--top\" data-vce-full-width=\"true\" data-vce-stretch-content=\"true\" id=\"el-f70950fd\" data-vce-do-apply=\"all el-f70950fd\" data-vce-animate=\"vce-o-animate--zoomIn\"><div class=\"vce-content-background-container\"><div class=\"vce-asset-background-simple-container vce-visible-all-only vce-asset-background-simple--style-cover vce-asset-background-simple--position-center-center\"><div class=\"vce-asset-background-simple\">\n              <div class=\"vce-asset-background-simple-item vcv-lozad\" data-background-image=\"https:\/\/3sforme.com\/wp-content\/uploads\/2023\/05\/slide-equipe.jpg\"><\/div>\n              <noscript>\n                <div class=\"vce-asset-background-simple-item\" style=\"background-image: url(https:\/\/3sforme.com\/wp-content\/uploads\/2023\/05\/slide-equipe.jpg)\"><\/div>\n              <\/noscript>\n            <\/div><\/div><\/div><div class=\"vce-row-content\" data-vce-element-content=\"true\"><div class=\"vce-col vce-col--md-60p vce-col--xs-1 vce-col--xs-last vce-col--xs-first vce-col--sm-last vce-col--sm-first vce-col--md-first vce-col--lg-first vce-col--xl-first\" id=\"el-850d6adf\"><div class=\"vce-col-inner\" data-vce-do-apply=\"border margin background  el-850d6adf\"><div class=\"vce-content-background-container\"><\/div><div class=\"vce-col-content\" data-vce-element-content=\"true\" data-vce-do-apply=\"padding el-850d6adf\"><div class=\"vce-text-block\"><div class=\"vce-text-block-wrapper vce\" id=\"el-993efc18\" data-vce-do-apply=\"all el-993efc18\"><p style=\"text-align: center;\"><span style=\"font-family: Croissant One; font-size: 24pt;\">Notre \u00e9quipe<\/span><\/p>\n<p>L'\u00e9quipe est constitu\u00e9e de m\u00e9decins du sport, de coachs APA (activit\u00e9 physique adapt\u00e9e), d'ost\u00e9opathes, de podologues, de di\u00e9t\u00e9ticiens, de kin\u00e9sith\u00e9rapeutes et de masseurs professionnels.<br>Chaque membre apporte son expertise pour aider les clients \u00e0 atteindre leurs objectifs de sant\u00e9 et de bien-\u00eatre, en utilisant des approches adapt\u00e9es \u00e0 leurs besoins sp\u00e9cifiques. Les services offerts incluent la pr\u00e9vention des blessures, l'optimisation de la performance, la correction de la posture et du mouvement, la nutrition \u00e9quilibr\u00e9e et la relaxation.<\/p>\n<p>&nbsp;<\/p><\/div><\/div><div class=\"vce-button--style-basic-container vce-button--style-basic-container--align-center\"><span class=\"vce-button--style-basic-wrapper vce\" id=\"el-4fcbd9ee\" data-vce-do-apply=\"margin el-4fcbd9ee\"><a class=\"vce-button vce-button--style-basic vce-button--style-basic--border-rounded vce-button--style-basic--size-medium vce-button--style-basic--color-557cbf--fff\" href=\"https:\/\/3sforme.com\/index.php\/lequipe\" title=\"L'\u00e9quipe\" data-vce-do-apply=\"padding border background  el-4fcbd9ee\">En savoir plus<\/a><\/span><\/div><\/div><\/div><\/div><div class=\"vce-col vce-col--md-40p vce-col--xs-1 vce-col--xs-last vce-col--xs-first vce-col--sm-last vce-col--sm-first vce-col--md-last vce-col--lg-last vce-col--xl-last\" id=\"el-a734c58d\"><div class=\"vce-col-inner\" data-vce-do-apply=\"border margin background  el-a734c58d\"><div class=\"vce-col-content\" data-vce-element-content=\"true\" data-vce-do-apply=\"padding el-a734c58d\"><div><\/div><\/div><\/div><\/div><\/div><\/div><\/div><div class=\"vce-row-container\" data-vce-boxed-width=\"true\"><div class=\"vce-row vce-row--col-gap-30 vce-row-equal-height vce-row-content--top\" id=\"el-d1ed0ab5\" data-vce-do-apply=\"all el-d1ed0ab5\"><div class=\"vce-content-background-container\"><\/div><div class=\"vce-row-content\" data-vce-element-content=\"true\"><div class=\"vce-col vce-col--md-auto vce-col--xs-1 vce-col--xs-last vce-col--xs-first vce-col--sm-last vce-col--sm-first vce-col--md-last vce-col--lg-last vce-col--xl-last vce-col--md-first vce-col--lg-first vce-col--xl-first\" id=\"el-9cf95bf2\"><div class=\"vce-col-inner\" data-vce-do-apply=\"border margin background  el-9cf95bf2\"><div class=\"vce-content-background-container\"><\/div><div class=\"vce-col-content\" data-vce-element-content=\"true\" data-vce-do-apply=\"padding el-9cf95bf2\"><div class=\"vce-separated-button-container vce\" id=\"el-2147b762\" data-vce-do-apply=\"margin el-2147b762\" style=\"--alignment: left; --background: #1d64c5; --color: #fff; --hoverBackgroundColor: #1c5fbb; --hoverTextColor: #fff;\"><a class=\"vce-button vce-separated-button vce-separated-button--style--border-round\" href=\"https:\/\/3sforme.com\/\" title=\"\" data-vce-do-apply=\"border background  el-2147b762\"><span class=\"vce-separated-button-icon\" data-vce-do-apply=\"padding el-2147b762\"><span class=\"vce-separated-button-icon-wrapper fas fa-angle-left\"><\/span><\/span><span class=\"vce-separated-button-text\" data-vce-do-apply=\"padding el-2147b762\">Retour \u00e0 l'accueil<\/span><\/a><\/div><\/div><\/div><\/div><\/div><\/div><\/div>","protected":false},"excerpt":{"rendered":"<p>SPORTSANT\u00c9S\u00c9R\u00c9NIT\u00c9 Notre conceptD\u00e9couvrez une m\u00e9thode unique pour optimiser votre capital sant\u00e9 et atteindre vos objectifs de forme en un rien de temps ! Gr\u00e2ce au programme 3S forme, vous pourrez enfin \u00e9quilibrer votre alimentation, booster votre tonus musculaire et am\u00e9liorer vos gestes au quotidien. Con\u00e7u par Marie-Christine Cazier, une ancienne sportive de haut niveau, et [&hellip;]<\/p>\n","protected":false},"author":1,"featured_media":0,"parent":0,"menu_order":0,"comment_status":"closed","ping_status":"closed","template":"","meta":{"_monsterinsights_skip_tracking":false,"_monsterinsights_sitenote_active":false,"_monsterinsights_sitenote_note":"","_monsterinsights_sitenote_category":0,"_uf_show_specific_survey":0,"_uf_disable_surveys":false,"footnotes":""},"class_list":["post-275","page","type-page","status-publish","hentry"],"_links":{"self":[{"href":"https:\/\/3sforme.com\/index.php\/wp-json\/wp\/v2\/pages\/275","targetHints":{"allow":["GET"]}}],"collection":[{"href":"https:\/\/3sforme.com\/index.php\/wp-json\/wp\/v2\/pages"}],"about":[{"href":"https:\/\/3sforme.com\/index.php\/wp-json\/wp\/v2\/types\/page"}],"author":[{"embeddable":true,"href":"https:\/\/3sforme.com\/index.php\/wp-json\/wp\/v2\/users\/1"}],"replies":[{"embeddable":true,"href":"https:\/\/3sforme.com\/index.php\/wp-json\/wp\/v2\/comments?post=275"}],"version-history":[{"count":33,"href":"https:\/\/3sforme.com\/index.php\/wp-json\/wp\/v2\/pages\/275\/revisions"}],"predecessor-version":[{"id":960,"href":"https:\/\/3sforme.com\/index.php\/wp-json\/wp\/v2\/pages\/275\/revisions\/960"}],"wp:attachment":[{"href":"https:\/\/3sforme.com\/index.php\/wp-json\/wp\/v2\/media?parent=275"}],"curies":[{"name":"wp","href":"https:\/\/api.w.org\/{rel}","templated":true}]}}