{"id":410,"date":"2023-05-14T17:23:48","date_gmt":"2023-05-14T15:23:48","guid":{"rendered":"https:\/\/3sforme.com\/?page_id=410"},"modified":"2024-04-04T09:38:13","modified_gmt":"2024-04-04T07:38:13","slug":"contact","status":"publish","type":"page","link":"https:\/\/3sforme.com\/index.php\/contact\/","title":{"rendered":"Contact"},"content":{"rendered":"<div class=\"vce-row-container\"><div class=\"vce-row vce-row--has-col-background vce-row--col-gap-30 vce-row-equal-height vce-row-content--top\" data-vce-full-width=\"true\" data-vce-stretch-content=\"true\" id=\"el-b20ce4cc\" data-vce-do-apply=\"all el-b20ce4cc\"><div class=\"vce-content-background-container\"><\/div><div class=\"vce-row-content\" data-vce-element-content=\"true\"><div class=\"vce-col vce-element--has-background vce-col--md-auto vce-col--xs-1 vce-col--xs-last vce-col--xs-first vce-col--sm-last vce-col--sm-first vce-col--md-last vce-col--lg-last vce-col--xl-last vce-col--md-first vce-col--lg-first vce-col--xl-first\" id=\"el-9e5b17f5\"><div class=\"vce-col-inner\" data-vce-do-apply=\"border margin background  el-9e5b17f5\"><div class=\"vce-content-background-container\"><div class=\"vce-asset-background-zoom-container vce-visible-all-only vce-asset-background-zoom--position-left-center\"><div class=\"vce-asset-background-zoom-container vce-visible-all-only vce-asset-background-zoom--position-left-center\"><div class=\"vce-asset-background-zoom--scale-helper\" style=\"transform:scale(1.15)\"><div class=\"vce-asset-background-zoom\" data-vce-assets-zoom=\"out\" data-vce-assets-zoom-scale=\"0.8695652173913044\" data-vce-assets-zoom-duration=\"30\">\n              <div class=\"vce-asset-background-zoom-item vcv-lozad\" data-background-image=\"https:\/\/3sforme.com\/wp-content\/uploads\/2023\/05\/Contact.jpg\"><\/div>\n              <noscript>\n                <div class=\"vce-asset-background-zoom-item\" style=\"background-image: url(https:\/\/3sforme.com\/wp-content\/uploads\/2023\/05\/Contact.jpg)\"><\/div>\n              <\/noscript>\n            <\/div><\/div><\/div><\/div><\/div><div class=\"vce-col-content\" data-vce-element-content=\"true\" data-vce-do-apply=\"padding el-9e5b17f5\"><div class=\"vce-row-container\" data-vce-boxed-width=\"true\"><div class=\"vce-row vce-row--col-gap-30 vce-row-equal-height vce-row-content--top\" id=\"el-26fabf65\" data-vce-do-apply=\"all el-26fabf65\"><div class=\"vce-content-background-container\"><\/div><div class=\"vce-row-content\" data-vce-element-content=\"true\"><div class=\"vce-col vce-col--md-25p vce-col--xs-1 vce-col--xs-last vce-col--xs-first vce-col--sm-last vce-col--sm-first vce-col--md-first vce-col--lg-first vce-col--xl-first\" id=\"el-fbce44b2\"><div class=\"vce-col-inner\" data-vce-do-apply=\"border margin background  el-fbce44b2\"><div class=\"vce-col-content\" data-vce-element-content=\"true\" data-vce-do-apply=\"padding el-fbce44b2\"><div class=\"vcv-row-control-wrapper\"><\/div><\/div><\/div><\/div><div class=\"vce-col vce-col--md-50p vce-col--xs-1 vce-col--xs-last vce-col--xs-first vce-col--sm-last vce-col--sm-first\" id=\"el-b412c7ec\"><div class=\"vce-col-inner\" data-vce-do-apply=\"border margin background  el-b412c7ec\"><div class=\"vce-col-content\" data-vce-element-content=\"true\" data-vce-do-apply=\"padding el-b412c7ec\"><div class=\"vce-text-block\"><div class=\"vce-text-block-wrapper vce\" id=\"el-6a120bbb\" data-vce-do-apply=\"all el-6a120bbb\"><p style=\"text-align: center;\"><span style=\"font-family: Croissant One; font-size: 36pt; color: #ffffff; font-style: normal;\">Contact<\/span><\/p><\/div><\/div><\/div><\/div><\/div><div class=\"vce-col vce-col--md-25p vce-col--xs-1 vce-col--xs-last vce-col--xs-first vce-col--sm-last vce-col--sm-first vce-col--md-last vce-col--lg-last vce-col--xl-last\" id=\"el-0ab93a50\"><div class=\"vce-col-inner\" data-vce-do-apply=\"border margin background  el-0ab93a50\"><div class=\"vce-col-content\" data-vce-element-content=\"true\" data-vce-do-apply=\"padding el-0ab93a50\"><div class=\"vcv-row-control-wrapper\"><\/div><\/div><\/div><\/div><\/div><\/div><\/div><\/div><\/div><\/div><\/div><\/div><\/div><div class=\"vce-row-container\" data-vce-boxed-width=\"true\"><div class=\"vce-row vce-row--has-col-background vce-row--col-gap-30 vce-row-content--top\" id=\"el-8772c910\" data-vce-do-apply=\"all el-8772c910\"><div class=\"vce-content-background-container\"><\/div><div class=\"vce-row-content\" data-vce-element-content=\"true\"><div class=\"vce-col vce-col--xs-100p vce-col--xs-visible vce-col--xs-last vce-col--xs-first vce-col--sm-100p vce-col--sm-visible vce-col--sm-last vce-col--sm-first vce-col--md-30p vce-col--md-visible vce-col--md-first vce-col--lg-30p vce-col--lg-visible vce-col--lg-first vce-col--xl-30p vce-col--xl-visible vce-col--xl-first\" id=\"el-b830fbf8\"><div class=\"vce-col-inner\" data-vce-do-apply=\"border margin background  el-b830fbf8\"><div class=\"vce-content-background-container\"><\/div><div class=\"vce-col-content\" data-vce-element-content=\"true\" data-vce-do-apply=\"padding el-b830fbf8\"><div class=\"vce-features vce-var-icon vce-features--style-filled-circle vce-features--size-tiny\" style=\"--iconAlignment: left; --iconColor: rgb(33, 33, 33); --iconColorHover: rgb(33, 33, 33); --shapeColor: rgb(249, 212, 76); --shapeColorHover: rgb(249, 212, 76); --linkColorHover: rgb(223,190,68);\"><div id=\"el-f364f7c9\" class=\"vce vce-features-icon-wrapper\" data-vce-do-apply=\"all el-f364f7c9\"><div class=\"vce-features--icon vce-icon\"><svg xmlns=\"https:\/\/www.w3.org\/2000\/svg\" viewBox=\"0 0 769 769\"><path stroke-width=\"25\" d=\"M565.755 696.27h-360l-180-311.77 180-311.77h360l180 311.77z\"><\/path><\/svg><span class=\"vce-icon-container vcv-ui-icon-feather vcv-ui-icon-feather-phone-call\"><\/span><\/div><\/div><\/div><div class=\"vce-text-block\"><div class=\"vce-text-block-wrapper vce\" id=\"el-aba32c29\" data-vce-do-apply=\"all el-aba32c29\"><h4><span style=\"font-size: 18pt; font-family: 'PT Serif'; color: #212121;\">Par t\u00e9l\u00e9phone<br><\/span><\/h4><p><a href=\"tel:+33675199339\"><span style=\"font-family: 'Open Sans'; color: #212121; font-weight: 300; font-style: normal;\">+33 (0)6 75 19 93 39<\/span><\/a><\/p><\/div><\/div><div class=\"vce-features vce-var-icon vce-features--style-filled-circle vce-features--size-tiny\" style=\"--iconAlignment: left; --iconColor: rgb(33, 33, 33); --iconColorHover: rgb(33, 33, 33); --shapeColor: rgb(255, 166, 160); --shapeColorHover: rgb(255, 166, 160); --linkColorHover: rgb(228,148,143);\"><div id=\"el-9e05d700\" class=\"vce vce-features-icon-wrapper\" data-vce-do-apply=\"all el-9e05d700\"><div class=\"vce-features--icon vce-icon\"><svg xmlns=\"https:\/\/www.w3.org\/2000\/svg\" viewBox=\"0 0 769 769\"><path stroke-width=\"25\" d=\"M565.755 696.27h-360l-180-311.77 180-311.77h360l180 311.77z\"><\/path><\/svg><span class=\"vce-icon-container vcv-ui-icon-feather vcv-ui-icon-feather-video\"><\/span><\/div><\/div><\/div><div class=\"vce-text-block\"><div class=\"vce-text-block-wrapper vce\" id=\"el-f9969dad\" data-vce-do-apply=\"all el-f9969dad\"><h4><span style=\"font-size: 18pt; font-family: 'PT Serif'; color: #212121;\">Par visio<br><\/span><\/h4>\n<p><a href=\"https:\/\/3sforme.com\/index.php\/reservation-dune-formation\/\"><span style=\"font-family: 'Open Sans'; color: #212121; font-weight: 300; font-style: normal;\">Prendre rendez-vous<\/span><\/a><\/p><\/div><\/div><div class=\"vce-features vce-var-icon vce-features--style-filled-circle vce-features--size-tiny\" style=\"--iconAlignment: left; --iconColor: rgb(33, 33, 33); --iconColorHover: rgb(33, 33, 33); --shapeColor: #3cb878; --shapeColorHover: #3cb878; --linkColorHover: #36a56b;\"><div id=\"el-b5d7c089\" class=\"vce vce-features-icon-wrapper\" data-vce-do-apply=\"all el-b5d7c089\"><div class=\"vce-features--icon vce-icon\"><svg xmlns=\"https:\/\/www.w3.org\/2000\/svg\" viewBox=\"0 0 769 769\"><path stroke-width=\"25\" d=\"M565.755 696.27h-360l-180-311.77 180-311.77h360l180 311.77z\"><\/path><\/svg><span class=\"vce-icon-container vcv-ui-icon-feather vcv-ui-icon-feather-mail\"><\/span><\/div><\/div><\/div><div class=\"vce-text-block\"><div class=\"vce-text-block-wrapper vce\" id=\"el-4dab5f34\" data-vce-do-apply=\"all el-4dab5f34\"><h4><span style=\"font-size: 18pt; font-family: 'PT Serif'; color: #212121;\">Par mail<br><\/span><\/h4><p><a href=\"mailto:contact@3sforme.com\"><span style=\"font-family: 'Open Sans'; color: #212121; font-weight: 300; font-style: normal;\">contact@3sforme.com<\/span><\/a><\/p><\/div><\/div><div class=\"vce-features vce-var-icon vce-features--style-filled-circle vce-features--size-tiny\" style=\"--iconAlignment: left; --iconColor: rgb(33, 33, 33); --iconColorHover: rgb(33, 33, 33); --shapeColor: rgb(77, 197, 204); --shapeColorHover: rgb(77, 197, 204); --linkColorHover: rgb(69,176,182);\"><div id=\"el-bb49c4b0\" class=\"vce vce-features-icon-wrapper\" data-vce-do-apply=\"all el-bb49c4b0\"><div class=\"vce-features--icon vce-icon\"><svg xmlns=\"https:\/\/www.w3.org\/2000\/svg\" viewBox=\"0 0 769 769\"><path stroke-width=\"25\" d=\"M565.755 696.27h-360l-180-311.77 180-311.77h360l180 311.77z\"><\/path><\/svg><span class=\"vce-icon-container vcv-ui-icon-feather vcv-ui-icon-feather-map-pin\"><\/span><\/div><\/div><\/div><div class=\"vce-text-block\"><div class=\"vce-text-block-wrapper vce\" id=\"el-e2505235\" data-vce-do-apply=\"all el-e2505235\"><h4><span style=\"font-size: 18pt; font-family: 'PT Serif'; color: #212121;\">Nous situer<br><\/span><\/h4>\n<p><span style=\"font-family: 'Fira Sans'; font-weight: 300; font-style: normal;\">Nous intervenons \u00e0 domicile (coaching, \u00e9valuations et modelage th\u00e9rapeutique)<\/span><\/p>\n<p><span style=\"font-family: 'Fira Sans'; font-weight: 300; font-style: normal;\">ou en cabinet (coaching, \u00e9valuations, modelage th\u00e9rapeutique et formations)<\/span><br><span style=\"font-family: 'Fira Sans'; font-weight: 300; font-style: normal;\">13 chemin des Champcueils<\/span><br><span style=\"font-family: 'Fira Sans'; font-weight: 300; font-style: normal;\">91 220 Bretigny-sur-Orge<\/span><\/p><\/div><\/div><div class=\"vce-google-maps vce-google-maps--align-left\"><div class=\"vce-google-maps-wrapper vce vce-google-maps-proportional\" id=\"el-9751cd21\" data-vce-do-apply=\"all el-9751cd21\" style=\"width: 400px; height: auto;\"><div class=\"vce-google-maps-inner\" style=\"padding-bottom: 100%;\"><iframe src=\"https:\/\/www.google.com\/maps\/embed?pb=!1m18!1m12!1m3!1d2637.1717356293307!2d2.295679192325315!3d48.625695643065036!2m3!1f0!2f0!3f0!3m2!1i1024!2i768!4f13.1!3m3!1m2!1s0x47e5d9ff3c622d3d%3A0xbe66b74cbbdbffeb!2s3S%20forme!5e0!3m2!1sfr!2sfr!4v1712160061399!5m2!1sfr!2sfr\" width=\"400\" height=\"400\" style=\"border: 0px; pointer-events: none; width: 309px; height: 309px;\" allowfullscreen=\"\" loading=\"lazy\" referrerpolicy=\"no-referrer-when-downgrade\" data-origwidth=\"400\" data-origheight=\"400\"><\/iframe><\/div><\/div><\/div><\/div><\/div><\/div><div class=\"vce-col vce-element--has-background vce-col--xs-100p vce-col--xs-visible vce-col--xs-last vce-col--xs-first vce-col--sm-100p vce-col--sm-visible vce-col--sm-last vce-col--sm-first vce-col--md-70p vce-col--md-visible vce-col--md-last vce-col--lg-50p vce-col--lg-visible vce-col--lg-last vce-col--xl-50p vce-col--xl-visible vce-col--xl-last\" id=\"el-bd0ca008\"><div class=\"vce-col-inner\" data-vce-do-apply=\"border margin background  el-bd0ca008\"><div class=\"vce-content-background-container\"><\/div><div class=\"vce-col-content\" data-vce-element-content=\"true\" data-vce-do-apply=\"padding el-bd0ca008\"><div class=\"vce-text-block\"><div class=\"vce-text-block-wrapper vce\" id=\"el-0bb52420\" data-vce-do-apply=\"all el-0bb52420\"><h4><span style=\"font-family: 'PT Serif'; font-size: 18pt; color: #212121;\">Envoyez-nous un message !<\/span><\/h4><p style=\"line-height: inherit; text-align: justify;\"><span style=\"font-family: 'Open Sans'; font-weight: 300; font-style: normal; color: #212121;\">N'h\u00e9sitez pas \u00e0 nous contacter pour toute question ou demande d'information. Nous sommes \u00e0 votre \u00e9coute !<\/span><\/p><\/div><\/div><div id=\"el-5ed3540b\" class=\"vce-contact-form-7--align-left\"><div class=\"vce vce-contact-form-7\" data-vce-do-apply=\"all el-5ed3540b\">\n<div class=\"wpcf7 no-js\" id=\"wpcf7-f16-o1\" lang=\"fr-FR\" dir=\"ltr\" data-wpcf7-id=\"16\">\n<div class=\"screen-reader-response\"><p role=\"status\" aria-live=\"polite\" aria-atomic=\"true\"><\/p> <ul><\/ul><\/div>\n<form action=\"\/index.php\/wp-json\/wp\/v2\/pages\/410#wpcf7-f16-o1\" method=\"post\" class=\"wpcf7-form init\" aria-label=\"Formulaire de contact\" novalidate=\"novalidate\" data-status=\"init\">\n<fieldset class=\"hidden-fields-container\"><input type=\"hidden\" name=\"_wpcf7\" value=\"16\" \/><input type=\"hidden\" name=\"_wpcf7_version\" value=\"6.1.5\" \/><input type=\"hidden\" name=\"_wpcf7_locale\" value=\"fr_FR\" \/><input type=\"hidden\" name=\"_wpcf7_unit_tag\" value=\"wpcf7-f16-o1\" \/><input type=\"hidden\" name=\"_wpcf7_container_post\" value=\"0\" \/><input type=\"hidden\" name=\"_wpcf7_posted_data_hash\" value=\"\" \/>\n<\/fieldset>\n<p><label> Votre nom<br \/>\n<span class=\"wpcf7-form-control-wrap\" data-name=\"your-name\"><input size=\"40\" maxlength=\"400\" class=\"wpcf7-form-control wpcf7-text wpcf7-validates-as-required\" autocomplete=\"name\" aria-required=\"true\" aria-invalid=\"false\" value=\"\" type=\"text\" name=\"your-name\" \/><\/span> <\/label>\n<\/p>\n<p><label> Votre e-mail<br \/>\n<span class=\"wpcf7-form-control-wrap\" data-name=\"your-email\"><input size=\"40\" maxlength=\"400\" class=\"wpcf7-form-control wpcf7-email wpcf7-validates-as-required wpcf7-text wpcf7-validates-as-email\" autocomplete=\"email\" aria-required=\"true\" aria-invalid=\"false\" value=\"\" type=\"email\" name=\"your-email\" \/><\/span> <\/label>\n<\/p>\n<p><label> Objet<br \/>\n<span class=\"wpcf7-form-control-wrap\" data-name=\"objet\"><input size=\"40\" maxlength=\"400\" class=\"wpcf7-form-control wpcf7-text wpcf7-validates-as-required\" aria-required=\"true\" aria-invalid=\"false\" value=\"\" type=\"text\" name=\"objet\" \/><\/span> <\/label>\n<\/p>\n<p><label> Votre message<br \/>\n<span class=\"wpcf7-form-control-wrap\" data-name=\"your-message\"><textarea cols=\"40\" rows=\"10\" maxlength=\"2000\" class=\"wpcf7-form-control wpcf7-textarea wpcf7-validates-as-required\" aria-required=\"true\" aria-invalid=\"false\" name=\"your-message\"><\/textarea><\/span> <\/label>\n<\/p>\n<p><input class=\"wpcf7-form-control wpcf7-submit has-spinner\" type=\"submit\" value=\"Envoyer\" \/>\n<\/p><div class=\"wpcf7-response-output\" aria-hidden=\"true\"><\/div>\n<\/form>\n<\/div>\n<\/div><\/div><\/div><\/div><\/div><\/div><\/div><\/div><div class=\"vce-row-container\" data-vce-boxed-width=\"true\"><div class=\"vce-row vce-row--col-gap-30 vce-row-equal-height vce-row-content--top\" id=\"el-40e6841c\" data-vce-do-apply=\"all el-40e6841c\"><div class=\"vce-content-background-container\"><\/div><div class=\"vce-row-content\" data-vce-element-content=\"true\"><div class=\"vce-col vce-col--md-auto vce-col--xs-1 vce-col--xs-last vce-col--xs-first vce-col--sm-last vce-col--sm-first vce-col--md-last vce-col--lg-last vce-col--xl-last vce-col--md-first vce-col--lg-first vce-col--xl-first\" id=\"el-b783d4ba\"><div class=\"vce-col-inner\" data-vce-do-apply=\"border margin background  el-b783d4ba\"><div class=\"vce-content-background-container\"><\/div><div class=\"vce-col-content\" data-vce-element-content=\"true\" data-vce-do-apply=\"padding el-b783d4ba\"><div class=\"vce-separated-button-container vce\" id=\"el-f1533a93\" data-vce-do-apply=\"margin el-f1533a93\" style=\"--alignment: left; --background: #1d64c5; --color: #fff; --hoverBackgroundColor: #1c5fbb; --hoverTextColor: #fff;\"><a class=\"vce-button vce-separated-button vce-separated-button--style--border-round\" href=\"https:\/\/3sforme.com\/\" title=\"\" data-vce-do-apply=\"border background  el-f1533a93\"><span class=\"vce-separated-button-icon\" data-vce-do-apply=\"padding el-f1533a93\"><span class=\"vce-separated-button-icon-wrapper fas fa-angle-left\"><\/span><\/span><span class=\"vce-separated-button-text\" data-vce-do-apply=\"padding el-f1533a93\">Retour \u00e0 l'accueil<\/span><\/a><\/div><\/div><\/div><\/div><\/div><\/div><\/div>","protected":false},"excerpt":{"rendered":"<p>ContactPar t\u00e9l\u00e9phone+33 (0)6 75 19 93 39Par visio Prendre rendez-vousPar mailcontact@3sforme.comNous situer Nous intervenons \u00e0 domicile (coaching, \u00e9valuations et modelage th\u00e9rapeutique) ou en cabinet (coaching, \u00e9valuations, modelage th\u00e9rapeutique et formations)13 chemin des Champcueils91 220 Bretigny-sur-OrgeEnvoyez-nous un message !N&#8217;h\u00e9sitez pas \u00e0 nous contacter pour toute question ou demande d&#8217;information. Nous sommes \u00e0 votre \u00e9coute !Retour \u00e0 [&hellip;]<\/p>\n","protected":false},"author":1,"featured_media":0,"parent":0,"menu_order":0,"comment_status":"closed","ping_status":"closed","template":"","meta":{"_monsterinsights_skip_tracking":false,"_monsterinsights_sitenote_active":false,"_monsterinsights_sitenote_note":"","_monsterinsights_sitenote_category":0,"_uf_show_specific_survey":0,"_uf_disable_surveys":false,"footnotes":""},"class_list":["post-410","page","type-page","status-publish","hentry"],"_links":{"self":[{"href":"https:\/\/3sforme.com\/index.php\/wp-json\/wp\/v2\/pages\/410","targetHints":{"allow":["GET"]}}],"collection":[{"href":"https:\/\/3sforme.com\/index.php\/wp-json\/wp\/v2\/pages"}],"about":[{"href":"https:\/\/3sforme.com\/index.php\/wp-json\/wp\/v2\/types\/page"}],"author":[{"embeddable":true,"href":"https:\/\/3sforme.com\/index.php\/wp-json\/wp\/v2\/users\/1"}],"replies":[{"embeddable":true,"href":"https:\/\/3sforme.com\/index.php\/wp-json\/wp\/v2\/comments?post=410"}],"version-history":[{"count":19,"href":"https:\/\/3sforme.com\/index.php\/wp-json\/wp\/v2\/pages\/410\/revisions"}],"predecessor-version":[{"id":1245,"href":"https:\/\/3sforme.com\/index.php\/wp-json\/wp\/v2\/pages\/410\/revisions\/1245"}],"wp:attachment":[{"href":"https:\/\/3sforme.com\/index.php\/wp-json\/wp\/v2\/media?parent=410"}],"curies":[{"name":"wp","href":"https:\/\/api.w.org\/{rel}","templated":true}]}}