{"id":540,"date":"2023-05-16T09:50:47","date_gmt":"2023-05-16T07:50:47","guid":{"rendered":"https:\/\/3sforme.com\/?page_id=540"},"modified":"2023-11-02T10:59:55","modified_gmt":"2023-11-02T09:59:55","slug":"bilan-de-sante","status":"publish","type":"page","link":"https:\/\/3sforme.com\/index.php\/bilan-de-sante\/","title":{"rendered":"Bilan de sant\u00e9"},"content":{"rendered":"<div class=\"vce-row-container\"><div class=\"vce-row vce-row--has-col-background vce-row--col-gap-30 vce-row-equal-height vce-row-content--top\" data-vce-full-width=\"true\" data-vce-stretch-content=\"true\" id=\"el-424c94f2\" data-vce-do-apply=\"all el-424c94f2\"><div class=\"vce-content-background-container\"><\/div><div class=\"vce-row-content\" data-vce-element-content=\"true\"><div class=\"vce-col vce-element--has-background vce-col--md-auto vce-col--xs-1 vce-col--xs-last vce-col--xs-first vce-col--sm-last vce-col--sm-first vce-col--md-last vce-col--lg-last vce-col--xl-last vce-col--md-first vce-col--lg-first vce-col--xl-first\" id=\"el-d9754c7c\"><div class=\"vce-col-inner\" data-vce-do-apply=\"border margin background  el-d9754c7c\"><div class=\"vce-content-background-container\"><div class=\"vce-asset-background-zoom-container vce-visible-all-only vce-asset-background-zoom--position-center-center\"><div class=\"vce-asset-background-zoom-container vce-visible-all-only vce-asset-background-zoom--position-center-center\"><div class=\"vce-asset-background-zoom--scale-helper\" style=\"transform:scale(1.19)\"><div class=\"vce-asset-background-zoom\" data-vce-assets-zoom=\"out\" data-vce-assets-zoom-scale=\"0.8403361344537815\" data-vce-assets-zoom-duration=\"30\">\n              <div class=\"vce-asset-background-zoom-item vcv-lozad\" data-background-image=\"https:\/\/3sforme.com\/wp-content\/uploads\/2023\/05\/medecin2.jpg\"><\/div>\n              <noscript>\n                <div class=\"vce-asset-background-zoom-item\" style=\"background-image: url(https:\/\/3sforme.com\/wp-content\/uploads\/2023\/05\/medecin2.jpg)\"><\/div>\n              <\/noscript>\n            <\/div><\/div><\/div><\/div><\/div><div class=\"vce-col-content\" data-vce-element-content=\"true\" data-vce-do-apply=\"padding el-d9754c7c\"><div class=\"vce-row-container\" data-vce-boxed-width=\"true\"><div class=\"vce-row vce-row--col-gap-30 vce-row-equal-height vce-row-content--top\" id=\"el-9d44efef\" data-vce-do-apply=\"all el-9d44efef\"><div class=\"vce-content-background-container\"><\/div><div class=\"vce-row-content\" data-vce-element-content=\"true\"><div class=\"vce-col vce-col--md-25p vce-col--xs-1 vce-col--xs-last vce-col--xs-first vce-col--sm-last vce-col--sm-first vce-col--md-first vce-col--lg-first vce-col--xl-first\" id=\"el-fb5e278b\"><div class=\"vce-col-inner\" data-vce-do-apply=\"border margin background  el-fb5e278b\"><div class=\"vce-col-content\" data-vce-element-content=\"true\" data-vce-do-apply=\"padding el-fb5e278b\"><div><\/div><\/div><\/div><\/div><div class=\"vce-col vce-col--md-50p vce-col--xs-1 vce-col--xs-last vce-col--xs-first vce-col--sm-last vce-col--sm-first\" id=\"el-53346f1d\"><div class=\"vce-col-inner\" data-vce-do-apply=\"border margin background  el-53346f1d\"><div class=\"vce-col-content\" data-vce-element-content=\"true\" data-vce-do-apply=\"padding el-53346f1d\"><div class=\"vce-text-block\"><div class=\"vce-text-block-wrapper vce\" id=\"el-9a45363c\" data-vce-do-apply=\"all el-9a45363c\"><p style=\"text-align: center;\"><span style=\"font-family: Croissant One; font-size: 36pt; color: #ffffff; font-style: normal;\">\u00c9valuation<\/span><\/p><\/div><\/div><\/div><\/div><\/div><div class=\"vce-col vce-col--md-25p vce-col--xs-1 vce-col--xs-last vce-col--xs-first vce-col--sm-last vce-col--sm-first vce-col--md-last vce-col--lg-last vce-col--xl-last\" id=\"el-6b76bbc5\"><div class=\"vce-col-inner\" data-vce-do-apply=\"border margin background  el-6b76bbc5\"><div class=\"vce-col-content\" data-vce-element-content=\"true\" data-vce-do-apply=\"padding el-6b76bbc5\"><div><\/div><\/div><\/div><\/div><\/div><\/div><\/div><\/div><\/div><\/div><\/div><\/div><\/div><div class=\"vce-row-container\"><div class=\"vce-row vce-row--has-col-background vce-element--has-background vce-row--col-gap-0 vce-row-equal-height vce-row-content--middle\" data-vce-full-width=\"true\" data-vce-stretch-content=\"true\" id=\"el-9c65e5f9\" data-vce-do-apply=\"all el-9c65e5f9\" data-vce-animate=\"vce-o-animate--zoomIn\"><div class=\"vce-content-background-container\"><div class=\"vce-asset-background-simple-container vce-visible-all-only vce-asset-background-simple--style-cover vce-asset-background-simple--position-center-center\"><div class=\"vce-asset-background-simple\">\n              <div class=\"vce-asset-background-simple-item vcv-lozad\" data-background-image=\"https:\/\/3sforme.com\/wp-content\/uploads\/2023\/05\/programmeALD-1.jpg\"><\/div>\n              <noscript>\n                <div class=\"vce-asset-background-simple-item\" style=\"background-image: url(https:\/\/3sforme.com\/wp-content\/uploads\/2023\/05\/programmeALD-1.jpg)\"><\/div>\n              <\/noscript>\n            <\/div><\/div><\/div><div class=\"vce-row-content\" data-vce-element-content=\"true\"><div class=\"vce-col vce-element--has-background vce-col--md-60p vce-col--xs-1 vce-col--xs-last vce-col--xs-first vce-col--sm-last vce-col--sm-first vce-col--md-first vce-col--lg-first vce-col--xl-first\" id=\"el-28e060cd\"><div class=\"vce-col-inner\" data-vce-do-apply=\"border margin background  el-28e060cd\"><div class=\"vce-content-background-container\"><\/div><div class=\"vce-col-content\" data-vce-element-content=\"true\" data-vce-do-apply=\"padding el-28e060cd\"><div class=\"vce-text-block\"><div class=\"vce-text-block-wrapper vce\" id=\"el-b93a18f8\" data-vce-do-apply=\"all el-b93a18f8\"><p style=\"text-align: center;\"><span style=\"font-family: Croissant One; font-size: 24pt;\">Le savoir-faire de 3S forme !<br><\/span><\/p>\n<p>Tout au long du parcours offert par 3S forme \u00e0 ses adh\u00e9rents, clients ou m\u00eame patients, nous mettons en place une <strong>\u00e9valuation compl\u00e8te<\/strong>. Quels que soient vos objectifs et votre profil, nous sommes d\u00e9termin\u00e9s \u00e0 vous offrir la meilleure exp\u00e9rience. Gr\u00e2ce \u00e0 des <strong>techniques d'entra\u00eenement<\/strong> et des <strong>outils \u00e9prouv\u00e9s<\/strong>, nous collectons et analysons une gamme diversifi\u00e9e de donn\u00e9es. Cela nous permet de <strong>personnaliser<\/strong> votre prise en charge pour une efficacit\u00e9 et une s\u00e9curit\u00e9 optimales.<br><br>Nos pr\u00e9parateurs physiques et coachs professionnels se rendent chez vous ou dans des installations \u00e0 proximit\u00e9 pour effectuer des bilans de votre condition physique. Ces bilans d\u00e9taill\u00e9s nous permettent de concevoir des <strong>plans d'exercice individuels<\/strong> pr\u00e9cis, adapt\u00e9s \u00e0 vos objectifs personnels et \u00e0 votre situation. Nous sommes l\u00e0 pour vous, o\u00f9 que vous soyez, afin de vous accompagner vers votre r\u00e9ussite personnelle.<\/p><\/div><\/div><div class=\"vce-row-container\" data-vce-boxed-width=\"true\"><div class=\"vce-row vce-row--col-gap-20 vce-row-equal-height vce-row-content--top\" id=\"el-96415e14\" data-vce-do-apply=\"all el-96415e14\"><div class=\"vce-row-content\" data-vce-element-content=\"true\"><div class=\"vce-col vce-col--md-50p vce-col--xs-1 vce-col--xs-last vce-col--xs-first vce-col--sm-last vce-col--sm-first vce-col--md-first vce-col--lg-first vce-col--xl-first\" id=\"el-ee88a91c\"><div class=\"vce-col-inner\" data-vce-do-apply=\"border margin background  el-ee88a91c\"><div class=\"vce-content-background-container\"><\/div><div class=\"vce-col-content\" data-vce-element-content=\"true\" data-vce-do-apply=\"padding el-ee88a91c\"><div class=\"vce-features vce-var-icon vce-features--style-filled-circle vce-features--size-small\" style=\"--iconAlignment: center; --iconColor: rgb(157, 65, 209); --iconColorHover: rgb(157, 65, 209); --shapeColor: rgb(255, 255, 255); --shapeColorHover: rgb(255, 255, 255); --linkColorHover: rgb(228,228,228);\"><div id=\"el-d19bbeec\" class=\"vce vce-features-icon-wrapper\" data-vce-do-apply=\"all el-d19bbeec\"><div class=\"vce-features--icon vce-icon\"><svg xmlns=\"https:\/\/www.w3.org\/2000\/svg\" viewBox=\"0 0 769 769\"><path stroke-width=\"25\" d=\"M565.755 696.27h-360l-180-311.77 180-311.77h360l180 311.77z\"><\/path><\/svg><span class=\"vce-icon-container fas fa-clinic-medical\"><\/span><\/div><\/div><\/div><div class=\"vce-text-block\"><div class=\"vce-text-block-wrapper vce\" id=\"el-f0296add\" data-vce-do-apply=\"all el-f0296add\"><p style=\"text-align: center;\"><span style=\"color: #ffffff; font-family: 'Fira Sans'; font-weight: 600; font-style: normal;\">UNE \u00c9VALUATION MULTIFACTORIELLE<\/span><\/p>\n<p style=\"text-align: justify;\"><span style=\"font-family: 'Fira Sans'; color: #ffffff; font-weight: 300; font-style: normal; font-size: 12pt;\">Nous misons sur des \u00e9valuations approfondies et des outils conformes aux avanc\u00e9es scientifiques pour cr\u00e9er des programmes d'exercice individualis\u00e9s. Ils tiennent compte de facteurs tels que les contraintes m\u00e9dicales, le mode de vie, les objectifs d'activit\u00e9 physique, la condition physique, le potentiel d'am\u00e9lioration, avec un suivi mensuel et quotidien pour garantir des progr\u00e8s constants.<\/span><\/p><\/div><\/div><\/div><\/div><\/div><div class=\"vce-col vce-col--md-50p vce-col--xs-1 vce-col--xs-last vce-col--xs-first vce-col--sm-last vce-col--sm-first vce-col--md-last vce-col--lg-last vce-col--xl-last\" id=\"el-996ff728\"><div class=\"vce-col-inner\" data-vce-do-apply=\"border margin background  el-996ff728\"><div class=\"vce-content-background-container\"><\/div><div class=\"vce-col-content\" data-vce-element-content=\"true\" data-vce-do-apply=\"padding el-996ff728\"><div class=\"vce-features vce-var-icon vce-features--style-filled-circle vce-features--size-small\" style=\"--iconAlignment: center; --iconColor: rgb(157, 65, 209); --iconColorHover: rgb(157, 65, 209); --shapeColor: rgb(255, 255, 255); --shapeColorHover: rgb(255, 255, 255); --linkColorHover: rgb(228,228,228);\"><div id=\"el-319d2d6f\" class=\"vce vce-features-icon-wrapper\" data-vce-do-apply=\"all el-319d2d6f\"><div class=\"vce-features--icon vce-icon\"><svg xmlns=\"https:\/\/www.w3.org\/2000\/svg\" viewBox=\"0 0 769 769\"><path stroke-width=\"25\" d=\"M565.755 696.27h-360l-180-311.77 180-311.77h360l180 311.77z\"><\/path><\/svg><span class=\"vce-icon-container fas fa-calculator\"><\/span><\/div><\/div><\/div><div class=\"vce-text-block\"><div class=\"vce-text-block-wrapper vce\" id=\"el-c306b3f9\" data-vce-do-apply=\"all el-c306b3f9\"><p style=\"text-align: center;\"><span style=\"color: #ffffff; font-family: 'Fira Sans'; font-weight: 600; font-style: normal;\">DES \u00c9VALUATIONS R\u00c9GULI\u00c8RES<br><\/span><\/p>\n<p style=\"text-align: justify;\"><span style=\"font-family: 'Fira Sans'; color: #ffffff; font-weight: 300; font-style: normal; font-size: 12pt;\">Nous int\u00e9grons un processus d'\u00e9valuation approfondi \u00e0 travers diff\u00e9rentes \u00e9tapes pour nos clients. Cela inclut un questionnaire en ligne, des entretiens avec des professionnels de la sant\u00e9, des bilans de condition physique, des tests sur le terrain, des feedbacks r\u00e9guliers, et une analyse de la composition corporelle. Cette approche garantit une personnalisation optimale des programmes d'activit\u00e9 physique tout en assurant la s\u00e9curit\u00e9 et l'efficacit\u00e9 des participants.<\/span><\/p><\/div><\/div><\/div><\/div><\/div><\/div><\/div><\/div><\/div><\/div><\/div><div class=\"vce-col vce-col--md-40p vce-col--xs-1 vce-col--xs-last vce-col--xs-first vce-col--sm-last vce-col--sm-first vce-col--md-last vce-col--lg-last vce-col--xl-last\" id=\"el-55cdb19c\"><div class=\"vce-col-inner\" data-vce-do-apply=\"border margin background  el-55cdb19c\"><div class=\"vce-col-content\" data-vce-element-content=\"true\" data-vce-do-apply=\"padding el-55cdb19c\"><div class=\"vce-button--style-basic-container vce-button--style-basic-container--align-center\"><span class=\"vce-button--style-basic-wrapper vce\" id=\"el-4d6a5a6b\" data-vce-do-apply=\"margin el-4d6a5a6b\"><a class=\"vce-button vce-button--style-basic vce-button--style-basic--border-square vce-button--style-basic--size-large vce-button--style-basic--color-b-168-210-40--b-33-33-33\" href=\"https:\/\/3sforme.com\/index.php\/contact\/\" title=\"\" data-vce-do-apply=\"padding border background  el-4d6a5a6b\" data-vce-animate=\"vce-o-animate--bounceIn\">Demandez votre \u00e9valuation !<\/a><\/span><\/div><\/div><\/div><\/div><\/div><\/div><\/div><div class=\"vce-row-container\"><div class=\"vce-row vce-element--has-background vce-row--col-gap-20 vce-row-equal-height vce-row-content--top\" data-vce-full-width=\"true\" data-vce-stretch-content=\"true\" id=\"el-cbeb6a19\" data-vce-do-apply=\"all el-cbeb6a19\" data-vce-animate=\"vce-o-animate--zoomIn\"><div class=\"vce-content-background-container\"><div class=\"vce-asset-background-simple-container vce-visible-all-only vce-asset-background-simple--style-cover vce-asset-background-simple--position-center-center\"><div class=\"vce-asset-background-simple\">\n              <div class=\"vce-asset-background-simple-item vcv-lozad\" data-background-image=\"https:\/\/3sforme.com\/wp-content\/uploads\/2023\/05\/programmeOrdo-1.jpg\"><\/div>\n              <noscript>\n                <div class=\"vce-asset-background-simple-item\" style=\"background-image: url(https:\/\/3sforme.com\/wp-content\/uploads\/2023\/05\/programmeOrdo-1.jpg)\"><\/div>\n              <\/noscript>\n            <\/div><\/div><\/div><div class=\"vce-row-content\" data-vce-element-content=\"true\"><div class=\"vce-col vce-col--md-auto vce-col--xs-1 vce-col--xs-last vce-col--xs-first vce-col--sm-last vce-col--sm-first vce-col--md-first vce-col--lg-first vce-col--xl-first\" id=\"el-1fd865e2\"><div class=\"vce-col-inner\" data-vce-do-apply=\"border margin background  el-1fd865e2\"><div class=\"vce-col-content\" data-vce-element-content=\"true\" data-vce-do-apply=\"padding el-1fd865e2\"><div class=\"vce-text-block\"><div class=\"vce-text-block-wrapper vce\" id=\"el-ce8749e2\" data-vce-do-apply=\"all el-ce8749e2\"><div><!-- This site uses the Google Analytics by MonsterInsights plugin v8.17 - Using Analytics tracking - https:\/\/www.monsterinsights.com\/ --><!-- Note: MonsterInsights does not track you as a logged-in site administrator to prevent site owners from accidentally skewing their own Google Analytics data.\nIf you are testing Google Analytics code, please do so either logged out or in the private browsing\/incognito mode of your web browser. --><!-- \/ Google Analytics by MonsterInsights --><noscript><style>.vce-row-container .vcv-lozad {display: none}<\/style><\/noscript><\/div>\n<p style=\"text-align: center;\"><span style=\"font-family: Croissant One; font-size: 24pt;\">L'entra\u00eenement<\/span><\/p>\n<div>\n<p><strong>Accompagner dans la dur\u00e9e<\/strong><\/p>\n<p style=\"text-align: justify;\">Afin de maximiser les bienfaits de l'entra\u00eenement r\u00e9gulier et intense sur l'am\u00e9lioration des indicateurs de condition physique, il est essentiel de maintenir cet engagement pendant au moins trois mois pour voir des r\u00e9sultats significatifs, tandis que l'effet maximal n\u00e9cessite environ six mois. Cependant, il est important de noter que la cessation de cet entra\u00eenement peut entra\u00eener une diminution rapide des capacit\u00e9s en seulement un mois. Pour garantir la continuit\u00e9 des progr\u00e8s, 3S FORME propose un programme de 20 semaines qui sert de base \u00e9ducative et source de motivation. De plus, des activit\u00e9s sont offertes pour maintenir et d\u00e9velopper les acquis, avec des s\u00e9ances d'exercice physique d'une heure, deux fois par semaine, m\u00eame \u00e0 un volume moindre, mais suffisamment intense.<\/p>\n<\/div>\n<p><strong>Objectiver les progr\u00e8s<\/strong><\/p>\n<p>Les \u00e9valuations r\u00e9p\u00e9t\u00e9es tout au long du parcours offrent aux clients des indicateurs pr\u00e9cis de leurs progr\u00e8s, maintenant ainsi leur motivation.<\/p><\/div><\/div><\/div><\/div><\/div><div class=\"vce-col vce-col--md-auto vce-col--xs-1 vce-col--xs-last vce-col--xs-first vce-col--sm-last vce-col--sm-first\" id=\"el-944ced0a\"><div class=\"vce-col-inner\" data-vce-do-apply=\"border margin background  el-944ced0a\"><div class=\"vce-col-content\" data-vce-element-content=\"true\" data-vce-do-apply=\"padding el-944ced0a\"><div class=\"vce-text-block\"><div class=\"vce-text-block-wrapper vce\" id=\"el-4d67886f\" data-vce-do-apply=\"all el-4d67886f\"><lt-highlighter contenteditable=\"false\" style=\"display: none; z-index: 1 !important;\" data-lt-linked=\"1\"><lt-div spellcheck=\"false\" class=\"lt-highlighter__wrapper\" style=\"width: 420px !important; height: 1030.23px !important; transform: none !important; transform-origin: 210px 515.117px 0px !important;\"><lt-div class=\"lt-highlighter__scroll-element\" style=\"top: 0px !important; left: 0px !important; width: 420px !important; height: 1030px !important;\"><\/lt-div><\/lt-div><\/lt-highlighter><div><!-- This site uses the Google Analytics by MonsterInsights plugin v8.17 - Using Analytics tracking - https:\/\/www.monsterinsights.com\/ --><!-- Note: MonsterInsights does not track you as a logged-in site administrator to prevent site owners from accidentally skewing their own Google Analytics data.<br>If you are testing Google Analytics code, please do so either logged out or in the private browsing\/incognito mode of your web browser. --><!-- \/ Google Analytics by MonsterInsights --><noscript><style>.vce-row-container .vcv-lozad {display: none}<\/style><\/noscript><\/div><p style=\"text-align: center;\"><span style=\"font-family: Croissant One; font-size: 24pt;\">Transmettre<\/span><\/p><div><p><strong>Avec les clients<br><\/strong><\/p><p style=\"text-align: justify;\">L'Espace personnel s\u00e9curis\u00e9 du client constitue un Dossier M\u00e9dico-sportif Personnel informatis\u00e9, centralisant et mettant \u00e0 sa disposition en continu toutes les donn\u00e9es recueillies ou g\u00e9n\u00e9r\u00e9es au cours de son parcours. En outre, il sert de plateforme de communication pour faciliter les \u00e9changes avec son Pr\u00e9parateur physique.<\/p><\/div><p><strong>Avec les m\u00e9decins traitants<br><\/strong><\/p><p style=\"text-align: justify;\">Le client a la possibilit\u00e9 de partager les donn\u00e9es g\u00e9n\u00e9r\u00e9es au cours de son parcours avec son m\u00e9decin traitant, ce qui rev\u00eat une importance particuli\u00e8re dans le cadre d'un Programme Sport sur ordonnance. La collaboration avec le m\u00e9decin, voire simplement l'information du m\u00e9decin sur cette initiative, peut grandement am\u00e9liorer la gestion globale de la condition m\u00e9dicale. 3S forme encourage fortement ses clients \u00e0 impliquer leur m\u00e9decin dans leur d\u00e9marche. Avec leur consentement, le m\u00e9decin peut recevoir des rapports des bilans et des progr\u00e8s r\u00e9alis\u00e9s \u00e0 3S forme et m\u00eame entrer en contact avec notre \u00e9quipe, capitalisant ainsi sur notre expertise.<\/p><\/div><\/div><\/div><\/div><\/div><div class=\"vce-col vce-col--md-auto vce-col--xs-1 vce-col--xs-last vce-col--xs-first vce-col--sm-last vce-col--sm-first vce-col--md-last vce-col--lg-last vce-col--xl-last\" id=\"el-849e8eeb\"><div class=\"vce-col-inner\" data-vce-do-apply=\"border margin background  el-849e8eeb\"><div class=\"vce-col-content\" data-vce-element-content=\"true\" data-vce-do-apply=\"padding el-849e8eeb\"><div class=\"vce-text-block\"><div class=\"vce-text-block-wrapper vce\" id=\"el-a1e460d4\" data-vce-do-apply=\"all el-a1e460d4\"><lt-highlighter contenteditable=\"false\" style=\"display: none; z-index: 1 !important;\" data-lt-linked=\"1\"><lt-div spellcheck=\"false\" class=\"lt-highlighter__wrapper\" style=\"width: 420px !important; height: 472.233px !important; transform: none !important; transform-origin: 210px 236.117px 0px !important;\"><lt-div class=\"lt-highlighter__scroll-element\" style=\"top: 0px !important; left: 0px !important; width: 420px !important; height: 472px !important;\"><\/lt-div><\/lt-div><\/lt-highlighter><div><!-- This site uses the Google Analytics by MonsterInsights plugin v8.17 - Using Analytics tracking - https:\/\/www.monsterinsights.com\/ --><!-- Note: MonsterInsights does not track you as a logged-in site administrator to prevent site owners from accidentally skewing their own Google Analytics data.<br>If you are testing Google Analytics code, please do so either logged out or in the private browsing\/incognito mode of your web browser. --><!-- \/ Google Analytics by MonsterInsights --><noscript><style>.vce-row-container .vcv-lozad {display: none}<\/style><\/noscript><\/div><p style=\"text-align: center;\"><span style=\"font-family: Croissant One; font-size: 24pt;\">Partager<br><\/span><\/p><div><p><strong>Avec les professionnels du sport<\/strong><\/p><div class=\"flex flex-grow flex-col gap-3 max-w-full\"><div class=\"min-h-[20px] flex flex-col items-start gap-3 whitespace-pre-wrap break-words overflow-x-auto\" data-message-author-role=\"assistant\" data-message-id=\"f5ad9fdd-ef39-4fe1-b0f0-0d149a4a7e37\"><div class=\"markdown prose w-full break-words dark:prose-invert light\"><p style=\"text-align: justify;\">Les clients de 3S forme ont la possibilit\u00e9 de partager leurs donn\u00e9es avec leur entra\u00eeneur.<\/p><\/div><\/div><\/div><\/div><p><strong>Avec la communaut\u00e9 scientifique<br><\/strong><\/p><p style=\"text-align: justify;\">Un logiciel a \u00e9t\u00e9 d\u00e9velopp\u00e9 pour simplifier l'exploration et le traitement des donn\u00e9es, ce qui soutient les efforts d'\u00e9valuation des pratiques et de recherche men\u00e9s par 3S forme et ses collaborateurs.<\/p><\/div><\/div><\/div><\/div><\/div><\/div><\/div><\/div><div class=\"vce-row-container\" data-vce-boxed-width=\"true\"><div class=\"vce-row vce-row--col-gap-30 vce-row-equal-height vce-row-content--top\" id=\"el-dcac3c09\" data-vce-do-apply=\"all el-dcac3c09\"><div class=\"vce-content-background-container\"><\/div><div class=\"vce-row-content\" data-vce-element-content=\"true\"><div class=\"vce-col vce-col--md-auto vce-col--xs-1 vce-col--xs-last vce-col--xs-first vce-col--sm-last vce-col--sm-first vce-col--md-last vce-col--lg-last vce-col--xl-last vce-col--md-first vce-col--lg-first vce-col--xl-first\" id=\"el-282eb780\"><div class=\"vce-col-inner\" data-vce-do-apply=\"border margin background  el-282eb780\"><div class=\"vce-content-background-container\"><\/div><div class=\"vce-col-content\" data-vce-element-content=\"true\" data-vce-do-apply=\"padding el-282eb780\"><div class=\"vce-separated-button-container vce\" id=\"el-7abc8fae\" data-vce-do-apply=\"margin el-7abc8fae\" style=\"--alignment: left; --background: #1d64c5; --color: #fff; --hoverBackgroundColor: #1c5fbb; --hoverTextColor: #fff;\"><a class=\"vce-button vce-separated-button vce-separated-button--style--border-round\" href=\"https:\/\/3sforme.com\/\" title=\"\" data-vce-do-apply=\"border background  el-7abc8fae\"><span class=\"vce-separated-button-icon\" data-vce-do-apply=\"padding el-7abc8fae\"><span class=\"vce-separated-button-icon-wrapper fas fa-angle-left\"><\/span><\/span><span class=\"vce-separated-button-text\" data-vce-do-apply=\"padding el-7abc8fae\">Retour \u00e0 l'accueil<\/span><\/a><\/div><\/div><\/div><\/div><\/div><\/div><\/div>","protected":false},"excerpt":{"rendered":"<p>\u00c9valuation Le savoir-faire de 3S forme ! Tout au long du parcours offert par 3S forme \u00e0 ses adh\u00e9rents, clients ou m\u00eame patients, nous mettons en place une \u00e9valuation compl\u00e8te. Quels que soient vos objectifs et votre profil, nous sommes d\u00e9termin\u00e9s \u00e0 vous offrir la meilleure exp\u00e9rience. Gr\u00e2ce \u00e0 des techniques d&#8217;entra\u00eenement et des outils [&hellip;]<\/p>\n","protected":false},"author":1,"featured_media":0,"parent":0,"menu_order":0,"comment_status":"closed","ping_status":"closed","template":"","meta":{"_monsterinsights_skip_tracking":false,"_monsterinsights_sitenote_active":false,"_monsterinsights_sitenote_note":"","_monsterinsights_sitenote_category":0,"_uf_show_specific_survey":0,"_uf_disable_surveys":false,"footnotes":""},"class_list":["post-540","page","type-page","status-publish","hentry"],"_links":{"self":[{"href":"https:\/\/3sforme.com\/index.php\/wp-json\/wp\/v2\/pages\/540","targetHints":{"allow":["GET"]}}],"collection":[{"href":"https:\/\/3sforme.com\/index.php\/wp-json\/wp\/v2\/pages"}],"about":[{"href":"https:\/\/3sforme.com\/index.php\/wp-json\/wp\/v2\/types\/page"}],"author":[{"embeddable":true,"href":"https:\/\/3sforme.com\/index.php\/wp-json\/wp\/v2\/users\/1"}],"replies":[{"embeddable":true,"href":"https:\/\/3sforme.com\/index.php\/wp-json\/wp\/v2\/comments?post=540"}],"version-history":[{"count":32,"href":"https:\/\/3sforme.com\/index.php\/wp-json\/wp\/v2\/pages\/540\/revisions"}],"predecessor-version":[{"id":995,"href":"https:\/\/3sforme.com\/index.php\/wp-json\/wp\/v2\/pages\/540\/revisions\/995"}],"wp:attachment":[{"href":"https:\/\/3sforme.com\/index.php\/wp-json\/wp\/v2\/media?parent=540"}],"curies":[{"name":"wp","href":"https:\/\/api.w.org\/{rel}","templated":true}]}}